{"id":1630,"date":"2017-04-26T09:15:46","date_gmt":"2017-04-26T09:15:46","guid":{"rendered":"http:\/\/www.mcgauto.com\/?page_id=1630\/"},"modified":"2019-10-17T13:06:07","modified_gmt":"2019-10-17T13:06:07","slug":"kontakty","status":"publish","type":"page","link":"http:\/\/www.mcgauto.com\/cs\/kontakty\/","title":{"rendered":"Kontakty"},"content":{"rendered":"<p>[vc_row][vc_column width=&#8220;1\/6&#8243;][vc_single_image image=&#8220;1420&#8243; img_size=&#8220;full&#8220;][vc_column_text css=&#8220;.vc_custom_1462535512954{margin-bottom: 10px !important;}&#8220;]<\/p>\n<h3>MCG Auto Portugal<\/h3>\n<p>[\/vc_column_text][vc_column_text css=&#8220;.vc_custom_1464009303642{margin-bottom: 55px !important;}&#8220;]MCGA Portugal Unipessoal, lda. Dr. Albino Soares dos Reis, 366 3700-652 Fajoes.<\/p>\n<h5>PORTUGAL<\/h5>\n<p>+351 256 850 150 \/ <a href=\"mailto:mcgauto@mcgauto.com\">mcgauto@mcgauto.com<\/a> <a href=\"https:\/\/goo.gl\/maps\/UXXSAHD3oGr\" target=\"_blank\" rel=\"noopener noreferrer\">View on map \u2192<\/a>[\/vc_column_text][\/vc_column][vc_column width=&#8220;1\/6&#8243;][vc_single_image image=&#8220;1421&#8243; img_size=&#8220;full&#8220;][vc_column_text css=&#8220;.vc_custom_1462535522122{margin-bottom: 10px !important;}&#8220;]<\/p>\n<h3>MCG Auto Czech<\/h3>\n<p>[\/vc_column_text][vc_column_text css=&#8220;.vc_custom_1464692313534{margin-bottom: 55px !important;}&#8220;]MCGA Czech s.r.o. Mirova 489\/42. 289 22 Lysa nab Labem-Litol<\/p>\n<h5>CZECH REPUBLIC<\/h5>\n<p>+420 325 514 425 \/ <a href=\"mailto:mcgauto@mcgauto.com\">mcgauto@mcgauto.com<\/a> <a href=\"https:\/\/goo.gl\/maps\/MxM2ez6b7zM2\" target=\"_blank\" rel=\"noopener noreferrer\">View on map \u2192<\/a>[\/vc_column_text][\/vc_column][vc_column width=&#8220;1\/6&#8243;][vc_single_image image=&#8220;2186&#8243; img_size=&#8220;full&#8220;][vc_column_text css=&#8220;.vc_custom_1462535535522{margin-bottom: 10px !important;}&#8220;]<\/p>\n<h3>MCG Auto Headquarters<\/h3>\n<p>[\/vc_column_text][vc_column_text css=&#8220;.vc_custom_1571317563741{margin-bottom: 55px !important;}&#8220;]Metal Components Group Auto S.L.<br \/>\nMCG Stamping<br \/>\nEulena Kalea, 1, 48220 Abadi\u00f1o, Bizkaia<\/p>\n<h5>SPAIN<\/h5>\n<p>+34 94 621 57 70<br \/>\n<a href=\"mailto:mcgauto@mcgauto.com\">mcgauto@mcgauto.com<\/a><\/p>\n<p><a href=\"https:\/\/www.google.es\/maps\/place\/MCGA+Stamping\/@43.1615638,-2.6188227,16z\/data=!4m5!3m4!1s0x0:0x94aa52207b84ec09!8m2!3d43.1608136!4d-2.6166411\" target=\"_blank\" rel=\"noopener noreferrer\">View on map \u2192<\/a>[\/vc_column_text][\/vc_column][vc_column width=&#8220;1\/2&#8243;][vc_single_image image=&#8220;1510&#8243; img_size=&#8220;full&#8220; alignment=&#8220;center&#8220;][\/vc_column][\/vc_row]<\/p>\n","protected":false},"excerpt":{"rendered":"<p>[vc_row][vc_column width=&#8220;1\/6&#8243;][vc_single_image image=&#8220;1420&#8243; img_size=&#8220;full&#8220;][vc_column_text css=&#8220;.vc_custom_1462535512954{margin-bottom: 10px !important;}&#8220;] MCG Auto Portugal [\/vc_column_text][vc_column_text css=&#8220;.vc_custom_1464009303642{margin-bottom: 55px !important;}&#8220;]MCGA Portugal Unipessoal, lda. Dr. Albino Soares dos Reis, 366 3700-652 Fajoes. PORTUGAL +351 256 850 150 \/ mcgauto@mcgauto.com View on map \u2192[\/vc_column_text][\/vc_column][vc_column width=&#8220;1\/6&#8243;][vc_single_image image=&#8220;1421&#8243; img_size=&#8220;full&#8220;][vc_column_text css=&#8220;.vc_custom_1462535522122{margin-bottom: 10px !important;}&#8220;] MCG Auto Czech [\/vc_column_text][vc_column_text css=&#8220;.vc_custom_1464692313534{margin-bottom: 55px !important;}&#8220;]MCGA Czech s.r.o. Mirova 489\/42. 289 22 [&hellip;]<\/p>\n","protected":false},"author":1,"featured_media":0,"parent":0,"menu_order":0,"comment_status":"closed","ping_status":"closed","template":"","meta":[],"yoast_head":"<!-- This site is optimized with the Yoast SEO plugin v19.3 - https:\/\/yoast.com\/wordpress\/plugins\/seo\/ -->\n<title>Kontakty - mcg auto<\/title>\n<meta name=\"robots\" content=\"index, follow, max-snippet:-1, max-image-preview:large, max-video-preview:-1\" \/>\n<link rel=\"canonical\" href=\"http:\/\/www.mcgauto.com\/cs\/kontakty\/\" \/>\n<meta property=\"og:locale\" content=\"cs_CZ\" \/>\n<meta property=\"og:type\" content=\"article\" \/>\n<meta property=\"og:title\" content=\"Kontakty - mcg auto\" \/>\n<meta property=\"og:description\" content=\"[vc_row][vc_column width=&#8220;1\/6&#8243;][vc_single_image image=&#8220;1420&#8243; img_size=&#8220;full&#8220;][vc_column_text css=&#8220;.vc_custom_1462535512954{margin-bottom: 10px !important;}&#8220;] MCG Auto Portugal [\/vc_column_text][vc_column_text css=&#8220;.vc_custom_1464009303642{margin-bottom: 55px !important;}&#8220;]MCGA Portugal Unipessoal, lda. Dr. Albino Soares dos Reis, 366 3700-652 Fajoes. PORTUGAL +351 256 850 150 \/ mcgauto@mcgauto.com View on map \u2192[\/vc_column_text][\/vc_column][vc_column width=&#8220;1\/6&#8243;][vc_single_image image=&#8220;1421&#8243; img_size=&#8220;full&#8220;][vc_column_text css=&#8220;.vc_custom_1462535522122{margin-bottom: 10px !important;}&#8220;] MCG Auto Czech [\/vc_column_text][vc_column_text css=&#8220;.vc_custom_1464692313534{margin-bottom: 55px !important;}&#8220;]MCGA Czech s.r.o. Mirova 489\/42. 289 22 [&hellip;]\" \/>\n<meta property=\"og:url\" content=\"http:\/\/www.mcgauto.com\/cs\/kontakty\/\" \/>\n<meta property=\"og:site_name\" content=\"mcg auto\" \/>\n<meta property=\"article:modified_time\" content=\"2019-10-17T13:06:07+00:00\" \/>\n<meta name=\"twitter:card\" content=\"summary\" \/>\n<meta name=\"twitter:label1\" content=\"Odhadovan\u00e1 doba \u010dten\u00ed\" \/>\n\t<meta name=\"twitter:data1\" content=\"1 minuta\" \/>\n<script type=\"application\/ld+json\" class=\"yoast-schema-graph\">{\"@context\":\"https:\/\/schema.org\",\"@graph\":[{\"@type\":\"Organization\",\"@id\":\"http:\/\/www.mcgauto.com\/#organization\",\"name\":\"MCG Auto\",\"url\":\"http:\/\/www.mcgauto.com\/\",\"sameAs\":[],\"logo\":{\"@type\":\"ImageObject\",\"inLanguage\":\"cs\",\"@id\":\"http:\/\/www.mcgauto.com\/#\/schema\/logo\/image\/\",\"url\":\"http:\/\/www.mcgauto.com\/wp-content\/uploads\/2016\/05\/Logo-transparente.png\",\"contentUrl\":\"http:\/\/www.mcgauto.com\/wp-content\/uploads\/2016\/05\/Logo-transparente.png\",\"width\":120,\"height\":62,\"caption\":\"MCG Auto\"},\"image\":{\"@id\":\"http:\/\/www.mcgauto.com\/#\/schema\/logo\/image\/\"}},{\"@type\":\"WebSite\",\"@id\":\"http:\/\/www.mcgauto.com\/#website\",\"url\":\"http:\/\/www.mcgauto.com\/\",\"name\":\"mcg auto\",\"description\":\"Metal Components Group Auto\",\"publisher\":{\"@id\":\"http:\/\/www.mcgauto.com\/#organization\"},\"potentialAction\":[{\"@type\":\"SearchAction\",\"target\":{\"@type\":\"EntryPoint\",\"urlTemplate\":\"http:\/\/www.mcgauto.com\/?s={search_term_string}\"},\"query-input\":\"required name=search_term_string\"}],\"inLanguage\":\"cs\"},{\"@type\":\"WebPage\",\"@id\":\"http:\/\/www.mcgauto.com\/cs\/kontakty\/\",\"url\":\"http:\/\/www.mcgauto.com\/cs\/kontakty\/\",\"name\":\"Kontakty - mcg auto\",\"isPartOf\":{\"@id\":\"http:\/\/www.mcgauto.com\/#website\"},\"datePublished\":\"2017-04-26T09:15:46+00:00\",\"dateModified\":\"2019-10-17T13:06:07+00:00\",\"breadcrumb\":{\"@id\":\"http:\/\/www.mcgauto.com\/cs\/kontakty\/#breadcrumb\"},\"inLanguage\":\"cs\",\"potentialAction\":[{\"@type\":\"ReadAction\",\"target\":[\"http:\/\/www.mcgauto.com\/cs\/kontakty\/\"]}]},{\"@type\":\"BreadcrumbList\",\"@id\":\"http:\/\/www.mcgauto.com\/cs\/kontakty\/#breadcrumb\",\"itemListElement\":[{\"@type\":\"ListItem\",\"position\":1,\"name\":\"Portada\",\"item\":\"http:\/\/www.mcgauto.com\/cs\/\"},{\"@type\":\"ListItem\",\"position\":2,\"name\":\"Kontakty\"}]}]}<\/script>\n<!-- \/ Yoast SEO plugin. -->","yoast_head_json":{"title":"Kontakty - mcg auto","robots":{"index":"index","follow":"follow","max-snippet":"max-snippet:-1","max-image-preview":"max-image-preview:large","max-video-preview":"max-video-preview:-1"},"canonical":"http:\/\/www.mcgauto.com\/cs\/kontakty\/","og_locale":"cs_CZ","og_type":"article","og_title":"Kontakty - mcg auto","og_description":"[vc_row][vc_column width=&#8220;1\/6&#8243;][vc_single_image image=&#8220;1420&#8243; img_size=&#8220;full&#8220;][vc_column_text css=&#8220;.vc_custom_1462535512954{margin-bottom: 10px !important;}&#8220;] MCG Auto Portugal [\/vc_column_text][vc_column_text css=&#8220;.vc_custom_1464009303642{margin-bottom: 55px !important;}&#8220;]MCGA Portugal Unipessoal, lda. Dr. Albino Soares dos Reis, 366 3700-652 Fajoes. PORTUGAL +351 256 850 150 \/ mcgauto@mcgauto.com View on map \u2192[\/vc_column_text][\/vc_column][vc_column width=&#8220;1\/6&#8243;][vc_single_image image=&#8220;1421&#8243; img_size=&#8220;full&#8220;][vc_column_text css=&#8220;.vc_custom_1462535522122{margin-bottom: 10px !important;}&#8220;] MCG Auto Czech [\/vc_column_text][vc_column_text css=&#8220;.vc_custom_1464692313534{margin-bottom: 55px !important;}&#8220;]MCGA Czech s.r.o. Mirova 489\/42. 289 22 [&hellip;]","og_url":"http:\/\/www.mcgauto.com\/cs\/kontakty\/","og_site_name":"mcg auto","article_modified_time":"2019-10-17T13:06:07+00:00","twitter_card":"summary","twitter_misc":{"Odhadovan\u00e1 doba \u010dten\u00ed":"1 minuta"},"schema":{"@context":"https:\/\/schema.org","@graph":[{"@type":"Organization","@id":"http:\/\/www.mcgauto.com\/#organization","name":"MCG Auto","url":"http:\/\/www.mcgauto.com\/","sameAs":[],"logo":{"@type":"ImageObject","inLanguage":"cs","@id":"http:\/\/www.mcgauto.com\/#\/schema\/logo\/image\/","url":"http:\/\/www.mcgauto.com\/wp-content\/uploads\/2016\/05\/Logo-transparente.png","contentUrl":"http:\/\/www.mcgauto.com\/wp-content\/uploads\/2016\/05\/Logo-transparente.png","width":120,"height":62,"caption":"MCG Auto"},"image":{"@id":"http:\/\/www.mcgauto.com\/#\/schema\/logo\/image\/"}},{"@type":"WebSite","@id":"http:\/\/www.mcgauto.com\/#website","url":"http:\/\/www.mcgauto.com\/","name":"mcg auto","description":"Metal Components Group Auto","publisher":{"@id":"http:\/\/www.mcgauto.com\/#organization"},"potentialAction":[{"@type":"SearchAction","target":{"@type":"EntryPoint","urlTemplate":"http:\/\/www.mcgauto.com\/?s={search_term_string}"},"query-input":"required name=search_term_string"}],"inLanguage":"cs"},{"@type":"WebPage","@id":"http:\/\/www.mcgauto.com\/cs\/kontakty\/","url":"http:\/\/www.mcgauto.com\/cs\/kontakty\/","name":"Kontakty - mcg auto","isPartOf":{"@id":"http:\/\/www.mcgauto.com\/#website"},"datePublished":"2017-04-26T09:15:46+00:00","dateModified":"2019-10-17T13:06:07+00:00","breadcrumb":{"@id":"http:\/\/www.mcgauto.com\/cs\/kontakty\/#breadcrumb"},"inLanguage":"cs","potentialAction":[{"@type":"ReadAction","target":["http:\/\/www.mcgauto.com\/cs\/kontakty\/"]}]},{"@type":"BreadcrumbList","@id":"http:\/\/www.mcgauto.com\/cs\/kontakty\/#breadcrumb","itemListElement":[{"@type":"ListItem","position":1,"name":"Portada","item":"http:\/\/www.mcgauto.com\/cs\/"},{"@type":"ListItem","position":2,"name":"Kontakty"}]}]}},"_links":{"self":[{"href":"http:\/\/www.mcgauto.com\/cs\/wp-json\/wp\/v2\/pages\/1630"}],"collection":[{"href":"http:\/\/www.mcgauto.com\/cs\/wp-json\/wp\/v2\/pages"}],"about":[{"href":"http:\/\/www.mcgauto.com\/cs\/wp-json\/wp\/v2\/types\/page"}],"author":[{"embeddable":true,"href":"http:\/\/www.mcgauto.com\/cs\/wp-json\/wp\/v2\/users\/1"}],"replies":[{"embeddable":true,"href":"http:\/\/www.mcgauto.com\/cs\/wp-json\/wp\/v2\/comments?post=1630"}],"version-history":[{"count":5,"href":"http:\/\/www.mcgauto.com\/cs\/wp-json\/wp\/v2\/pages\/1630\/revisions"}],"predecessor-version":[{"id":2229,"href":"http:\/\/www.mcgauto.com\/cs\/wp-json\/wp\/v2\/pages\/1630\/revisions\/2229"}],"wp:attachment":[{"href":"http:\/\/www.mcgauto.com\/cs\/wp-json\/wp\/v2\/media?parent=1630"}],"curies":[{"name":"wp","href":"https:\/\/api.w.org\/{rel}","templated":true}]}}