{"id":2180,"date":"2019-07-11T08:04:20","date_gmt":"2019-07-11T08:04:20","guid":{"rendered":"http:\/\/www.mcgauto.com\/?page_id=2180"},"modified":"2022-12-14T09:04:23","modified_gmt":"2022-12-14T09:04:23","slug":"quality-policy","status":"publish","type":"page","link":"http:\/\/www.mcgauto.com\/cs\/quality-policy\/","title":{"rendered":"KVALITY"},"content":{"rendered":"<p>[vc_row css=&#8220;.vc_custom_1563438043815{margin-bottom: 0px !important;padding-bottom: 0px !important;}&#8220;][vc_column css=&#8220;.vc_custom_1563435982171{margin-top: 40px !important;margin-bottom: 40px !important;}&#8220;][vc_column_text]<b>MCG, Metal Components Group <\/b>je pr\u016fmyslov\u00e1 spole\u010dnost, kter\u00e1 se v\u011bnuje v\u00fdrob\u011b a dod\u00e1vk\u00e1m kovov\u00fdch komponent\u016f, zejm\u00e9na pro automobilov\u00fd pr\u016fmysl.<\/p>\n<p>Syst\u00e9m \u0159\u00edzen\u00ed jakosti (QMS) je pil\u00ed\u0159em udr\u017eitelnosti na\u0161eho podnik\u00e1n\u00ed, \u010deho\u017e je dosa\u017eeno:<\/p>\n<p>\u221a Hled\u00e1n\u00edm EFEKTIVNOSTI<br \/>\n\u221a Pln\u011bn\u00edm Z\u00c1KAZNICK\u00ddCH A LEGISLATIVN\u00cdCH PO\u017dADAVK\u016e<br \/>\n\u221a Inovacemi pro ZV\u00dd\u0160EN\u00cd HODNOTY na trhu a udr\u017eitelnosti<br \/>\n\u221a Optimalizac\u00ed SPOKOJENOSTI z\u00e1kazn\u00edk\u016f, zam\u011bstnanc\u016f, akcion\u00e1\u0159\u016f, dodavatel\u016f a dal\u0161\u00edch zainteresovan\u00fdch stran<br \/>\n\u221a Transparentnost\u00ed<br \/>\n\u221a Podporou \u00fa\u010dasti zam\u011bstnanc\u016f<br \/>\n\u221a Respektov\u00e1n\u00edm \u017dIVOTN\u00cdHO PROST\u0158ED\u00cd a rozv\u00edjen\u00edm pracovn\u00edch podm\u00ednek v souladu<br \/>\ns hygienick\u00fdmi a bezpe\u010dnostn\u00edmi p\u0159edpisy<br \/>\n\u221a PR\u016eB\u011a\u017dN\u00ddM ZLEP\u0160OV\u00c1N\u00cdM:<\/p>\n<ul>\n<li style=\"list-style-type: none;\">\n<ul>\n<li>\u00da\u010dinnosti syst\u00e9mu \u0159\u00edzen\u00ed.<\/li>\n<li>Ochranou \u017eivotn\u00edho prost\u0159ed\u00ed a zabr\u00e1n\u011bn\u00edm zne\u010di\u0161t\u011bn\u00ed pl\u00fdtv\u00e1n\u00edm a racionalizov\u00e1n\u00edm spot\u0159eby.<\/li>\n<li>Zam\u011b\u0159en\u00edm na z\u00e1kazn\u00edka sn\u00ed\u017een\u00edm n\u00e1klad\u016f a rizik kvalitn\u00edch produkt\u016f, zv\u00fd\u0161en\u00edm produktivity a podpory z\u00fa\u010dastn\u011bn\u00fdch stran v dodavatelsk\u00e9m \u0159et\u011bzci.<\/li>\n<li>Bezpe\u010dnost\u00ed a zdrav\u00edm lid\u00ed minimalizac\u00ed rizik.<\/li>\n<\/ul>\n<\/li>\n<\/ul>\n<p>Tato politika je hnac\u00ed silou na\u0161\u00ed organizace a m\u016f\u017ee b\u00fdt implementov\u00e1na pouze za \u00fa\u010dasti v\u0161ech zam\u011bstnanc\u016f a dal\u0161\u00edch z\u00fa\u010dastn\u011bn\u00fdch stran.<\/p>\n<p>Guillermo Alonso<br \/>\nChief Executive<br \/>\noctober 2019[\/vc_column_text][\/vc_column][\/vc_row][vc_row css=&#8220;.vc_custom_1563438312973{margin-top: 0px !important;margin-bottom: 60px !important;padding-top: 0px !important;}&#8220;][vc_column width=&#8220;1\/4&#8243;][vc_single_image image=&#8220;2211&#8243; img_size=&#8220;full&#8220; add_caption=&#8220;yes&#8220; onclick=&#8220;custom_link&#8220; img_link_target=&#8220;_blank&#8220; link=&#8220;http:\/\/www.mcgauto.com\/wp-content\/uploads\/2020\/01\/Quality-requirements-for-Services-suppliers_rev2.pdf&#8220;][\/vc_column][vc_column width=&#8220;1\/4&#8243;][vc_single_image image=&#8220;2214&#8243; img_size=&#8220;full&#8220; add_caption=&#8220;yes&#8220; onclick=&#8220;custom_link&#8220; img_link_target=&#8220;_blank&#8220; link=&#8220;http:\/\/www.mcgauto.com\/wp-content\/uploads\/2022\/12\/MCG-Quality-Requirements-for-suppliers_Rev11.pdf&#8220;][\/vc_column][vc_column width=&#8220;1\/4&#8243;][\/vc_column][vc_column width=&#8220;1\/4&#8243;][\/vc_column][\/vc_row]<\/p>\n","protected":false},"excerpt":{"rendered":"<p>[vc_row css=&#8220;.vc_custom_1563438043815{margin-bottom: 0px !important;padding-bottom: 0px !important;}&#8220;][vc_column css=&#8220;.vc_custom_1563435982171{margin-top: 40px !important;margin-bottom: 40px !important;}&#8220;][vc_column_text]MCG, Metal Components Group je pr\u016fmyslov\u00e1 spole\u010dnost, kter\u00e1 se v\u011bnuje v\u00fdrob\u011b a dod\u00e1vk\u00e1m kovov\u00fdch komponent\u016f, zejm\u00e9na pro automobilov\u00fd pr\u016fmysl. Syst\u00e9m \u0159\u00edzen\u00ed jakosti (QMS) je pil\u00ed\u0159em udr\u017eitelnosti na\u0161eho podnik\u00e1n\u00ed, \u010deho\u017e je dosa\u017eeno: \u221a Hled\u00e1n\u00edm EFEKTIVNOSTI \u221a Pln\u011bn\u00edm Z\u00c1KAZNICK\u00ddCH A LEGISLATIVN\u00cdCH PO\u017dADAVK\u016e \u221a Inovacemi pro ZV\u00dd\u0160EN\u00cd HODNOTY [&hellip;]<\/p>\n","protected":false},"author":1,"featured_media":0,"parent":0,"menu_order":0,"comment_status":"closed","ping_status":"closed","template":"","meta":[],"yoast_head":"<!-- This site is optimized with the Yoast SEO plugin v19.3 - https:\/\/yoast.com\/wordpress\/plugins\/seo\/ -->\n<title>KVALITY - mcg auto<\/title>\n<meta name=\"robots\" content=\"index, follow, max-snippet:-1, max-image-preview:large, max-video-preview:-1\" \/>\n<link rel=\"canonical\" href=\"http:\/\/www.mcgauto.com\/quality-policy\/\" \/>\n<meta property=\"og:locale\" content=\"cs_CZ\" \/>\n<meta property=\"og:type\" content=\"article\" \/>\n<meta property=\"og:title\" content=\"KVALITY - mcg auto\" \/>\n<meta property=\"og:description\" content=\"[vc_row css=&#8220;.vc_custom_1563438043815{margin-bottom: 0px !important;padding-bottom: 0px !important;}&#8220;][vc_column css=&#8220;.vc_custom_1563435982171{margin-top: 40px !important;margin-bottom: 40px !important;}&#8220;][vc_column_text]MCG, Metal Components Group je pr\u016fmyslov\u00e1 spole\u010dnost, kter\u00e1 se v\u011bnuje v\u00fdrob\u011b a dod\u00e1vk\u00e1m kovov\u00fdch komponent\u016f, zejm\u00e9na pro automobilov\u00fd pr\u016fmysl. Syst\u00e9m \u0159\u00edzen\u00ed jakosti (QMS) je pil\u00ed\u0159em udr\u017eitelnosti na\u0161eho podnik\u00e1n\u00ed, \u010deho\u017e je dosa\u017eeno: \u221a Hled\u00e1n\u00edm EFEKTIVNOSTI \u221a Pln\u011bn\u00edm Z\u00c1KAZNICK\u00ddCH A LEGISLATIVN\u00cdCH PO\u017dADAVK\u016e \u221a Inovacemi pro ZV\u00dd\u0160EN\u00cd HODNOTY [&hellip;]\" \/>\n<meta property=\"og:url\" content=\"http:\/\/www.mcgauto.com\/quality-policy\/\" \/>\n<meta property=\"og:site_name\" content=\"mcg auto\" \/>\n<meta property=\"article:modified_time\" content=\"2022-12-14T09:04:23+00:00\" \/>\n<meta name=\"twitter:card\" content=\"summary\" \/>\n<meta name=\"twitter:label1\" content=\"Odhadovan\u00e1 doba \u010dten\u00ed\" \/>\n\t<meta name=\"twitter:data1\" content=\"2 minuty\" \/>\n<script type=\"application\/ld+json\" class=\"yoast-schema-graph\">{\"@context\":\"https:\/\/schema.org\",\"@graph\":[{\"@type\":\"Organization\",\"@id\":\"http:\/\/www.mcgauto.com\/#organization\",\"name\":\"MCG Auto\",\"url\":\"http:\/\/www.mcgauto.com\/\",\"sameAs\":[],\"logo\":{\"@type\":\"ImageObject\",\"inLanguage\":\"cs\",\"@id\":\"http:\/\/www.mcgauto.com\/#\/schema\/logo\/image\/\",\"url\":\"http:\/\/www.mcgauto.com\/wp-content\/uploads\/2016\/05\/Logo-transparente.png\",\"contentUrl\":\"http:\/\/www.mcgauto.com\/wp-content\/uploads\/2016\/05\/Logo-transparente.png\",\"width\":120,\"height\":62,\"caption\":\"MCG Auto\"},\"image\":{\"@id\":\"http:\/\/www.mcgauto.com\/#\/schema\/logo\/image\/\"}},{\"@type\":\"WebSite\",\"@id\":\"http:\/\/www.mcgauto.com\/#website\",\"url\":\"http:\/\/www.mcgauto.com\/\",\"name\":\"mcg auto\",\"description\":\"Metal Components Group Auto\",\"publisher\":{\"@id\":\"http:\/\/www.mcgauto.com\/#organization\"},\"potentialAction\":[{\"@type\":\"SearchAction\",\"target\":{\"@type\":\"EntryPoint\",\"urlTemplate\":\"http:\/\/www.mcgauto.com\/?s={search_term_string}\"},\"query-input\":\"required name=search_term_string\"}],\"inLanguage\":\"cs\"},{\"@type\":\"WebPage\",\"@id\":\"http:\/\/www.mcgauto.com\/quality-policy\/\",\"url\":\"http:\/\/www.mcgauto.com\/quality-policy\/\",\"name\":\"KVALITY - mcg auto\",\"isPartOf\":{\"@id\":\"http:\/\/www.mcgauto.com\/#website\"},\"datePublished\":\"2019-07-11T08:04:20+00:00\",\"dateModified\":\"2022-12-14T09:04:23+00:00\",\"breadcrumb\":{\"@id\":\"http:\/\/www.mcgauto.com\/quality-policy\/#breadcrumb\"},\"inLanguage\":\"cs\",\"potentialAction\":[{\"@type\":\"ReadAction\",\"target\":[\"http:\/\/www.mcgauto.com\/quality-policy\/\"]}]},{\"@type\":\"BreadcrumbList\",\"@id\":\"http:\/\/www.mcgauto.com\/quality-policy\/#breadcrumb\",\"itemListElement\":[{\"@type\":\"ListItem\",\"position\":1,\"name\":\"Portada\",\"item\":\"http:\/\/www.mcgauto.com\/cs\/\"},{\"@type\":\"ListItem\",\"position\":2,\"name\":\"KVALITY\"}]}]}<\/script>\n<!-- \/ Yoast SEO plugin. -->","yoast_head_json":{"title":"KVALITY - mcg auto","robots":{"index":"index","follow":"follow","max-snippet":"max-snippet:-1","max-image-preview":"max-image-preview:large","max-video-preview":"max-video-preview:-1"},"canonical":"http:\/\/www.mcgauto.com\/quality-policy\/","og_locale":"cs_CZ","og_type":"article","og_title":"KVALITY - mcg auto","og_description":"[vc_row css=&#8220;.vc_custom_1563438043815{margin-bottom: 0px !important;padding-bottom: 0px !important;}&#8220;][vc_column css=&#8220;.vc_custom_1563435982171{margin-top: 40px !important;margin-bottom: 40px !important;}&#8220;][vc_column_text]MCG, Metal Components Group je pr\u016fmyslov\u00e1 spole\u010dnost, kter\u00e1 se v\u011bnuje v\u00fdrob\u011b a dod\u00e1vk\u00e1m kovov\u00fdch komponent\u016f, zejm\u00e9na pro automobilov\u00fd pr\u016fmysl. Syst\u00e9m \u0159\u00edzen\u00ed jakosti (QMS) je pil\u00ed\u0159em udr\u017eitelnosti na\u0161eho podnik\u00e1n\u00ed, \u010deho\u017e je dosa\u017eeno: \u221a Hled\u00e1n\u00edm EFEKTIVNOSTI \u221a Pln\u011bn\u00edm Z\u00c1KAZNICK\u00ddCH A LEGISLATIVN\u00cdCH PO\u017dADAVK\u016e \u221a Inovacemi pro ZV\u00dd\u0160EN\u00cd HODNOTY [&hellip;]","og_url":"http:\/\/www.mcgauto.com\/quality-policy\/","og_site_name":"mcg auto","article_modified_time":"2022-12-14T09:04:23+00:00","twitter_card":"summary","twitter_misc":{"Odhadovan\u00e1 doba \u010dten\u00ed":"2 minuty"},"schema":{"@context":"https:\/\/schema.org","@graph":[{"@type":"Organization","@id":"http:\/\/www.mcgauto.com\/#organization","name":"MCG Auto","url":"http:\/\/www.mcgauto.com\/","sameAs":[],"logo":{"@type":"ImageObject","inLanguage":"cs","@id":"http:\/\/www.mcgauto.com\/#\/schema\/logo\/image\/","url":"http:\/\/www.mcgauto.com\/wp-content\/uploads\/2016\/05\/Logo-transparente.png","contentUrl":"http:\/\/www.mcgauto.com\/wp-content\/uploads\/2016\/05\/Logo-transparente.png","width":120,"height":62,"caption":"MCG Auto"},"image":{"@id":"http:\/\/www.mcgauto.com\/#\/schema\/logo\/image\/"}},{"@type":"WebSite","@id":"http:\/\/www.mcgauto.com\/#website","url":"http:\/\/www.mcgauto.com\/","name":"mcg auto","description":"Metal Components Group Auto","publisher":{"@id":"http:\/\/www.mcgauto.com\/#organization"},"potentialAction":[{"@type":"SearchAction","target":{"@type":"EntryPoint","urlTemplate":"http:\/\/www.mcgauto.com\/?s={search_term_string}"},"query-input":"required name=search_term_string"}],"inLanguage":"cs"},{"@type":"WebPage","@id":"http:\/\/www.mcgauto.com\/quality-policy\/","url":"http:\/\/www.mcgauto.com\/quality-policy\/","name":"KVALITY - mcg auto","isPartOf":{"@id":"http:\/\/www.mcgauto.com\/#website"},"datePublished":"2019-07-11T08:04:20+00:00","dateModified":"2022-12-14T09:04:23+00:00","breadcrumb":{"@id":"http:\/\/www.mcgauto.com\/quality-policy\/#breadcrumb"},"inLanguage":"cs","potentialAction":[{"@type":"ReadAction","target":["http:\/\/www.mcgauto.com\/quality-policy\/"]}]},{"@type":"BreadcrumbList","@id":"http:\/\/www.mcgauto.com\/quality-policy\/#breadcrumb","itemListElement":[{"@type":"ListItem","position":1,"name":"Portada","item":"http:\/\/www.mcgauto.com\/cs\/"},{"@type":"ListItem","position":2,"name":"KVALITY"}]}]}},"_links":{"self":[{"href":"http:\/\/www.mcgauto.com\/cs\/wp-json\/wp\/v2\/pages\/2180"}],"collection":[{"href":"http:\/\/www.mcgauto.com\/cs\/wp-json\/wp\/v2\/pages"}],"about":[{"href":"http:\/\/www.mcgauto.com\/cs\/wp-json\/wp\/v2\/types\/page"}],"author":[{"embeddable":true,"href":"http:\/\/www.mcgauto.com\/cs\/wp-json\/wp\/v2\/users\/1"}],"replies":[{"embeddable":true,"href":"http:\/\/www.mcgauto.com\/cs\/wp-json\/wp\/v2\/comments?post=2180"}],"version-history":[{"count":6,"href":"http:\/\/www.mcgauto.com\/cs\/wp-json\/wp\/v2\/pages\/2180\/revisions"}],"predecessor-version":[{"id":2271,"href":"http:\/\/www.mcgauto.com\/cs\/wp-json\/wp\/v2\/pages\/2180\/revisions\/2271"}],"wp:attachment":[{"href":"http:\/\/www.mcgauto.com\/cs\/wp-json\/wp\/v2\/media?parent=2180"}],"curies":[{"name":"wp","href":"https:\/\/api.w.org\/{rel}","templated":true}]}}